{"id":3005,"date":"2020-11-12T09:54:58","date_gmt":"2020-11-12T07:54:58","guid":{"rendered":"https:\/\/www.ioana-hotels.ro\/camere\/"},"modified":"2023-05-05T14:53:56","modified_gmt":"2023-05-05T12:53:56","slug":"our-rooms","status":"publish","type":"page","link":"https:\/\/www.ioana-hotels.ro\/en\/our-rooms\/","title":{"rendered":"Rooms"},"content":{"rendered":"\t\t<div data-elementor-type=\"wp-page\" data-elementor-id=\"3005\" class=\"elementor elementor-3005 elementor-602\">\n\t\t\t\t\t\t<section class=\"elementor-section elementor-top-section elementor-element elementor-element-c5f52bf elementor-section-full_width elementor-section-height-default elementor-section-height-default\" data-id=\"c5f52bf\" data-element_type=\"section\">\n\t\t\t\t\t\t<div class=\"elementor-container elementor-column-gap-default\">\n\t\t\t\t\t<div class=\"elementor-column elementor-col-100 elementor-top-column elementor-element elementor-element-ab9ee4e\" data-id=\"ab9ee4e\" data-element_type=\"column\">\n\t\t\t<div class=\"elementor-widget-wrap elementor-element-populated\">\n\t\t\t\t\t\t<div class=\"elementor-element elementor-element-5dbb546 elementor-widget elementor-widget-hotera_room_grid_view\" data-id=\"5dbb546\" data-element_type=\"widget\" data-widget_type=\"hotera_room_grid_view.default\">\n\t\t\t\t<div class=\"elementor-widget-container\">\n\t\t\t\t\t\t\n        <!--Rooms Section-->\n        <section class=\"rooms-section\">\n            <div class=\"auto-container\">\n                <!--Filters Section-->\n                                <div class=\"filters-section filters-container\">\n                    <div class=\"form-box default-form filter-form wow fadeInUp\" data-wow-delay=\"0ms\" data-wow-duration=\"1500ms\">\n                    \t\r\n<div id=\"hotel-booking-search-69f26769c9705\" class=\"hotel-booking-search\">\r\n\t\r\n    <form name=\"hb-search-form\" action=\"https:\/\/www.ioana-hotels.ro\/hotel-search\/\"\r\n          class=\"hb-search-form-69f26769c9700\">\r\n        <ul class=\"hb-form-table\">\r\n            <li class=\"hb-form-field\">\r\n\t\t\t\t<label>Arrival Date<\/label>                <div class=\"hb-form-field-input hb_input_field\">\r\n                    <input type=\"text\" name=\"check_in_date\" id=\"check_in_date_69f26769c9700\"\r\n                           class=\"hb_input_date_check\" value=\"\"\r\n                           placeholder=\"Arrival Date\"\/>\r\n                <\/div>\r\n            <\/li>\r\n\r\n            <li class=\"hb-form-field\">\r\n\t\t\t\t<label>Departure Date<\/label>                <div class=\"hb-form-field-input hb_input_field\">\r\n                    <input type=\"text\" name=\"check_out_date\" id=\"check_out_date_69f26769c9700\"\r\n                           class=\"hb_input_date_check\" value=\"\"\r\n                           placeholder=\"Departure Date\"\/>\r\n                <\/div>\r\n            <\/li>\r\n\r\n            <li class=\"hb-form-field\">\r\n\t\t\t\t<label>Adults<\/label>                <div class=\"hb-form-field-input\">\r\n\t\t\t\t\t<select name=\"adults_capacity\" ><option value=\"0\">Adults<\/option><option value=\"1\">1<\/option><option value=\"2\">2<\/option><option value=\"3\">3<\/option><option value=\"4\">4<\/option><option value=\"5\">5<\/option><\/select>                <\/div>\r\n            <\/li>\r\n\r\n            <li class=\"hb-form-field\">\r\n\t\t\t\t<label>Children<\/label>                <div class=\"hb-form-field-input\">\r\n\t\t\t\t\t<select name=\"max_child\" ><option value=\"0\">Children<\/option><option value=\"1\">1<\/option><option value=\"2\">2<\/option><option value=\"3\">3<\/option><option value=\"4\">4<\/option><option value=\"5\">5<\/option><option value=\"6\">6<\/option><\/select>                <\/div>\r\n            <\/li>\r\n        <\/ul>\r\n\t\t<input type=\"hidden\" id=\"nonce\" name=\"nonce\" value=\"3a76331be6\" \/><input type=\"hidden\" name=\"_wp_http_referer\" value=\"\/en\/wp-json\/wp\/v2\/pages\/3005\" \/>        <input type=\"hidden\" name=\"hotel-booking\" value=\"results\"\/>\r\n        <input type=\"hidden\" name=\"widget-search\"\r\n               value=\"1\"\/>\r\n        <input type=\"hidden\" name=\"action\" value=\"hotel_booking_parse_search_params\"\/>\r\n        <p class=\"hb-submit\">\r\n            <button type=\"submit\">Check Availability<\/button>\r\n        <\/p>\r\n    <\/form>\r\n<\/div>                    <\/div>\n                <\/div>\n                                <div class=\"row clearfix\">\n                                        <div class=\"room-block-two col-lg-4 col-md-6 col-sm-12 wow fadeInUp\" data-wow-delay=\"0ms\" data-wow-duration=\"1500ms\">\n                        <div class=\"inner-box\">\n                            <div class=\"image-box\">\n                                <figure class=\"image\"><a href=\"https:\/\/www.ioana-hotels.ro\/en\/rooms\/pet-friendly-room\/\"><img fetchpriority=\"high\" decoding=\"async\" width=\"370\" height=\"270\" src=\"https:\/\/www.ioana-hotels.ro\/wp-content\/uploads\/2023\/07\/poza-ioana-370x270.png\" class=\"attachment-hotera_370x270 size-hotera_370x270 wp-post-image\" alt=\"\" \/><\/a><\/figure>\n                            <\/div>\n                            <div class=\"lower-box\">\n                                <h4>Pet friendly room<\/h4>\n                                \t\t\t\t\t\t\t\t\n                                <div class=\"text\">The Pet friendly room is specially designed to accommodate both our guests and their non-speaking ...<\/div>\n                                <div class=\"link-box\"><a href=\"https:\/\/www.ioana-hotels.ro\/en\/rooms\/pet-friendly-room\/\" class=\"theme-btn btn-style-three\"><span class=\"btn-title\">Check Availability<\/span><\/a><\/div>\n                            <\/div>\n                            \n                        <\/div>\n                    <\/div>\n        \t\t\t                    <div class=\"room-block-two col-lg-4 col-md-6 col-sm-12 wow fadeInUp\" data-wow-delay=\"0ms\" data-wow-duration=\"1500ms\">\n                        <div class=\"inner-box\">\n                            <div class=\"image-box\">\n                                <figure class=\"image\"><a href=\"https:\/\/www.ioana-hotels.ro\/en\/rooms\/double-standard-room\/\"><img decoding=\"async\" width=\"370\" height=\"270\" src=\"https:\/\/www.ioana-hotels.ro\/wp-content\/uploads\/2021\/12\/Ioana-Hotels-Camera-102-01-370x270.jpeg\" class=\"attachment-hotera_370x270 size-hotera_370x270 wp-post-image\" alt=\"\" \/><\/a><\/figure>\n                            <\/div>\n                            <div class=\"lower-box\">\n                                <h4>Double Standard Room<\/h4>\n                                \t\t\t\t\t\t\t\t\n                                <div class=\"text\">The Double Standard Room is carefully furnished with light-colored furniture and pastel interior decorations that ...<\/div>\n                                <div class=\"link-box\"><a href=\"https:\/\/www.ioana-hotels.ro\/en\/rooms\/double-standard-room\/\" class=\"theme-btn btn-style-three\"><span class=\"btn-title\">Check Availability<\/span><\/a><\/div>\n                            <\/div>\n                            \n                        <\/div>\n                    <\/div>\n        \t\t\t                    <div class=\"room-block-two col-lg-4 col-md-6 col-sm-12 wow fadeInUp\" data-wow-delay=\"0ms\" data-wow-duration=\"1500ms\">\n                        <div class=\"inner-box\">\n                            <div class=\"image-box\">\n                                <figure class=\"image\"><a href=\"https:\/\/www.ioana-hotels.ro\/en\/rooms\/superior-double-room\/\"><img decoding=\"async\" width=\"370\" height=\"270\" src=\"https:\/\/www.ioana-hotels.ro\/wp-content\/uploads\/2021\/12\/Camera-204-0002-900x601-1-370x270.jpeg\" class=\"attachment-hotera_370x270 size-hotera_370x270 wp-post-image\" alt=\"\" \/><\/a><\/figure>\n                            <\/div>\n                            <div class=\"lower-box\">\n                                <h4>Superior Double Room<\/h4>\n                                \t\t\t\t\t\t\t\t\n                                <div class=\"text\">With a total area of 27 sqm, the superior double room is carefully designed with ...<\/div>\n                                <div class=\"link-box\"><a href=\"https:\/\/www.ioana-hotels.ro\/en\/rooms\/superior-double-room\/\" class=\"theme-btn btn-style-three\"><span class=\"btn-title\">Check Availability<\/span><\/a><\/div>\n                            <\/div>\n                            \n                        <\/div>\n                    <\/div>\n        \t\t\t                    <div class=\"room-block-two col-lg-4 col-md-6 col-sm-12 wow fadeInUp\" data-wow-delay=\"0ms\" data-wow-duration=\"1500ms\">\n                        <div class=\"inner-box\">\n                            <div class=\"image-box\">\n                                <figure class=\"image\"><a href=\"https:\/\/www.ioana-hotels.ro\/en\/rooms\/double-deluxe-room\/\"><img loading=\"lazy\" decoding=\"async\" width=\"370\" height=\"270\" src=\"https:\/\/www.ioana-hotels.ro\/wp-content\/uploads\/2021\/12\/Ioana-Hotels-Camera-101-01-900x601-1-370x270.jpeg\" class=\"attachment-hotera_370x270 size-hotera_370x270 wp-post-image\" alt=\"\" \/><\/a><\/figure>\n                            <\/div>\n                            <div class=\"lower-box\">\n                                <h4>Double Deluxe Room<\/h4>\n                                \t\t\t\t\t\t\t\t\n                                <div class=\"text\">With a total area of 31 square meters, the double room features a king-size bed, ...<\/div>\n                                <div class=\"link-box\"><a href=\"https:\/\/www.ioana-hotels.ro\/en\/rooms\/double-deluxe-room\/\" class=\"theme-btn btn-style-three\"><span class=\"btn-title\">Check Availability<\/span><\/a><\/div>\n                            <\/div>\n                            \n                        <\/div>\n                    <\/div>\n        \t\t\t                    <div class=\"room-block-two col-lg-4 col-md-6 col-sm-12 wow fadeInUp\" data-wow-delay=\"0ms\" data-wow-duration=\"1500ms\">\n                        <div class=\"inner-box\">\n                            <div class=\"image-box\">\n                                <figure class=\"image\"><a href=\"https:\/\/www.ioana-hotels.ro\/en\/rooms\/romantic-room\/\"><img loading=\"lazy\" decoding=\"async\" width=\"370\" height=\"270\" src=\"https:\/\/www.ioana-hotels.ro\/wp-content\/uploads\/2021\/12\/Ioana-Hotels-Romantic-Room-03-900x601-1-370x270.jpeg\" class=\"attachment-hotera_370x270 size-hotera_370x270 wp-post-image\" alt=\"\" \/><\/a><\/figure>\n                            <\/div>\n                            <div class=\"lower-box\">\n                                <h4>Romantic room<\/h4>\n                                \t\t\t\t\t\t\t\t\n                                <div class=\"text\">With a total area of 41 square meters, the Romantic Room is furnished with white ...<\/div>\n                                <div class=\"link-box\"><a href=\"https:\/\/www.ioana-hotels.ro\/en\/rooms\/romantic-room\/\" class=\"theme-btn btn-style-three\"><span class=\"btn-title\">Check Availability<\/span><\/a><\/div>\n                            <\/div>\n                            \n                        <\/div>\n                    <\/div>\n        \t\t\t                    <div class=\"room-block-two col-lg-4 col-md-6 col-sm-12 wow fadeInUp\" data-wow-delay=\"0ms\" data-wow-duration=\"1500ms\">\n                        <div class=\"inner-box\">\n                            <div class=\"image-box\">\n                                <figure class=\"image\"><a href=\"https:\/\/www.ioana-hotels.ro\/en\/rooms\/tirol\/\"><img loading=\"lazy\" decoding=\"async\" width=\"370\" height=\"270\" src=\"https:\/\/www.ioana-hotels.ro\/wp-content\/uploads\/2021\/12\/Tyrol-0007_WEB-370x270.jpg\" class=\"attachment-hotera_370x270 size-hotera_370x270 wp-post-image\" alt=\"\" \/><\/a><\/figure>\n                            <\/div>\n                            <div class=\"lower-box\">\n                                <h4>Tirol<\/h4>\n                                \t\t\t\t\t\t\t\t\n                                <div class=\"text\">Structured over a total area of 81 sqm, the apartment is designed to accommodate a ...<\/div>\n                                <div class=\"link-box\"><a href=\"https:\/\/www.ioana-hotels.ro\/en\/rooms\/tirol\/\" class=\"theme-btn btn-style-three\"><span class=\"btn-title\">Check Availability<\/span><\/a><\/div>\n                            <\/div>\n                            \n                        <\/div>\n                    <\/div>\n        \t\t\t                    <div class=\"room-block-two col-lg-4 col-md-6 col-sm-12 wow fadeInUp\" data-wow-delay=\"0ms\" data-wow-duration=\"1500ms\">\n                        <div class=\"inner-box\">\n                            <div class=\"image-box\">\n                                <figure class=\"image\"><a href=\"https:\/\/www.ioana-hotels.ro\/en\/rooms\/cortina-dampezzo\/\"><img loading=\"lazy\" decoding=\"async\" width=\"370\" height=\"270\" src=\"https:\/\/www.ioana-hotels.ro\/wp-content\/uploads\/2021\/12\/Cortina-4_WEB-370x270.jpg\" class=\"attachment-hotera_370x270 size-hotera_370x270 wp-post-image\" alt=\"\" \/><\/a><\/figure>\n                            <\/div>\n                            <div class=\"lower-box\">\n                                <h4>Cortina D\u2019Ampezzo<\/h4>\n                                \t\t\t\t\t\t\t\t\n                                <div class=\"text\">Cortina D&#8217;Ampezzo is a two-level apartment: on the ground floor there is a 23 sqm ...<\/div>\n                                <div class=\"link-box\"><a href=\"https:\/\/www.ioana-hotels.ro\/en\/rooms\/cortina-dampezzo\/\" class=\"theme-btn btn-style-three\"><span class=\"btn-title\">Check Availability<\/span><\/a><\/div>\n                            <\/div>\n                            \n                        <\/div>\n                    <\/div>\n        \t\t\t                    <div class=\"room-block-two col-lg-4 col-md-6 col-sm-12 wow fadeInUp\" data-wow-delay=\"0ms\" data-wow-duration=\"1500ms\">\n                        <div class=\"inner-box\">\n                            <div class=\"image-box\">\n                                <figure class=\"image\"><a href=\"https:\/\/www.ioana-hotels.ro\/en\/rooms\/junior-suite\/\"><img loading=\"lazy\" decoding=\"async\" width=\"370\" height=\"270\" src=\"https:\/\/www.ioana-hotels.ro\/wp-content\/uploads\/2021\/12\/Salt-Lake-0005_WEB-370x270.jpg\" class=\"attachment-hotera_370x270 size-hotera_370x270 wp-post-image\" alt=\"\" \/><\/a><\/figure>\n                            <\/div>\n                            <div class=\"lower-box\">\n                                <h4>Junior Suite<\/h4>\n                                \t\t\t\t\t\t\t\t\n                                <div class=\"text\">With a total area of 44 sqm, the Junior Suite apartment has been carefully designed ...<\/div>\n                                <div class=\"link-box\"><a href=\"https:\/\/www.ioana-hotels.ro\/en\/rooms\/junior-suite\/\" class=\"theme-btn btn-style-three\"><span class=\"btn-title\">Check Availability<\/span><\/a><\/div>\n                            <\/div>\n                            \n                        <\/div>\n                    <\/div>\n        \t\t\t                    <div class=\"room-block-two col-lg-4 col-md-6 col-sm-12 wow fadeInUp\" data-wow-delay=\"0ms\" data-wow-duration=\"1500ms\">\n                        <div class=\"inner-box\">\n                            <div class=\"image-box\">\n                                <figure class=\"image\"><a href=\"https:\/\/www.ioana-hotels.ro\/en\/rooms\/st-moritz\/\"><img loading=\"lazy\" decoding=\"async\" width=\"370\" height=\"270\" src=\"https:\/\/www.ioana-hotels.ro\/wp-content\/uploads\/2021\/12\/St.-Moritz-0006_WEB-370x270.jpg\" class=\"attachment-hotera_370x270 size-hotera_370x270 wp-post-image\" alt=\"\" \/><\/a><\/figure>\n                            <\/div>\n                            <div class=\"lower-box\">\n                                <h4>St. Moritz<\/h4>\n                                \t\t\t\t\t\t\t\t\n                                <div class=\"text\">St. Moritz is a special room structured on 2 levels. The ground floor is a ...<\/div>\n                                <div class=\"link-box\"><a href=\"https:\/\/www.ioana-hotels.ro\/en\/rooms\/st-moritz\/\" class=\"theme-btn btn-style-three\"><span class=\"btn-title\">Check Availability<\/span><\/a><\/div>\n                            <\/div>\n                            \n                        <\/div>\n                    <\/div>\n        \t\t\t                <\/div>\n            <\/div>\n        <\/section>\n        \n        \t\t<\/div>\n\t\t\t\t<\/div>\n\t\t\t\t\t<\/div>\n\t\t<\/div>\n\t\t\t\t\t<\/div>\n\t\t<\/section>\n\t\t\t\t<\/div>\n\t\t","protected":false},"excerpt":{"rendered":"<p>Studio Sea View The Superior Rooms pay tribute to fashion and craftsmanship. The rooms are approximately 19m2 with views of Rue d\u2019Alger and Jardin des Tuileries. The selection and pairing of materials has &#8230; Rezerv\u0103 acum! Innsbruck Room Innsbruck Room are o suprafa\u021b\u0103 total\u0103 de 30mp \u0219i este dotat\u0103 cu SPA propriu, saun\u0103 acoperit\u0103 cu [&hellip;]<\/p>\n","protected":false},"author":7,"featured_media":0,"parent":0,"menu_order":0,"comment_status":"closed","ping_status":"closed","template":"tpl-default-elementor.php","meta":{"_acf_changed":false,"footnotes":""},"class_list":["post-3005","page","type-page","status-publish","hentry"],"acf":[],"_links":{"self":[{"href":"https:\/\/www.ioana-hotels.ro\/en\/wp-json\/wp\/v2\/pages\/3005","targetHints":{"allow":["GET"]}}],"collection":[{"href":"https:\/\/www.ioana-hotels.ro\/en\/wp-json\/wp\/v2\/pages"}],"about":[{"href":"https:\/\/www.ioana-hotels.ro\/en\/wp-json\/wp\/v2\/types\/page"}],"author":[{"embeddable":true,"href":"https:\/\/www.ioana-hotels.ro\/en\/wp-json\/wp\/v2\/users\/7"}],"replies":[{"embeddable":true,"href":"https:\/\/www.ioana-hotels.ro\/en\/wp-json\/wp\/v2\/comments?post=3005"}],"version-history":[{"count":1,"href":"https:\/\/www.ioana-hotels.ro\/en\/wp-json\/wp\/v2\/pages\/3005\/revisions"}],"predecessor-version":[{"id":3006,"href":"https:\/\/www.ioana-hotels.ro\/en\/wp-json\/wp\/v2\/pages\/3005\/revisions\/3006"}],"wp:attachment":[{"href":"https:\/\/www.ioana-hotels.ro\/en\/wp-json\/wp\/v2\/media?parent=3005"}],"curies":[{"name":"wp","href":"https:\/\/api.w.org\/{rel}","templated":true}]}}